{"id":394,"date":"2024-11-07T14:04:10","date_gmt":"2024-11-07T14:04:10","guid":{"rendered":"https:\/\/kiki-creativeroom.com\/shop\/?post_type=product&#038;p=394"},"modified":"2024-11-07T14:04:10","modified_gmt":"2024-11-07T14:04:10","slug":"armonizzazione-del-ciclo","status":"publish","type":"product","link":"https:\/\/kiki-creativeroom.com\/shop\/product\/armonizzazione-del-ciclo","title":{"rendered":"Armonizzazione del Ciclo"},"content":{"rendered":"<p>Ogni fase del ciclo mestruale porta con se un energia diversa dettata dal cambiamento ormonale, scopriamo insieme quali sono.<\/p>\n<p>3 incontri online di 1 ora per conoscere il tuo ciclo e fartelo amico. Ogni incontro sar\u00e0 dedicato alle tue necessit\u00e0 e sar\u00e0 su misura per te.<\/p>\n<p>Ogni consulenza costa 70 euro, per un minimo di tre incontri.<\/p>\n","protected":false},"excerpt":{"rendered":"<p id=\"KSc85d4G1czW8qJ3\"><span id=\"U0DqgALycxfqfR6Z\">Percorso delicatamente strutturato per guidarti nell&#8217;esplorazione e nell&#8217;<\/span><span id=\"KOxcdXKQbPKHyoqE\">Armonizzazione del tuo Ciclo Mestruale\u00a0<\/span><span id=\"uxNZsfPyjXX1WDNo\">o della tua<\/span><span id=\"UJh4ia5LRDnx26mz\">\u00a0Menopausa<\/span><span id=\"JT0JoEk1auM0Mb8v\">.<\/span><\/p>\n<p id=\"nk1NqJsMci2PuSRN\"><span id=\"gBCIftg1YWnrOHmg\">Dalla mestruazione alla fase preovulatoria, all\u2019ovulazione e premestruo, ti accompagno per supportare il benessere complessivo.<\/span><\/p>\n<p id=\"rl4Q8Uqf8FjB3ScR\"><span id=\"uUCtgnMqCNAb594D\">Il percorso \u00e8 strutturato in\u00a0<\/span><span id=\"LSyWexrOGnaDccqs\">3 consulenze\u00a0<\/span><span id=\"DZuvFq0mQfoRyk7m\">a distanza di un mese ciascuna, online o in presenza, in cui parleremo dei tuoi\u00a0<\/span><span id=\"qI1Ln0odf2BJ5Gux\">disequilibri legati al ciclo<\/span><span id=\"K3Y030QPjBbUCsEB\">, come supportarne la sanazione ed il benessere, consigli di alimentazione ciclica e rimedi naturali che puoi fare a casa.<\/span><\/p>\n","protected":false},"featured_media":344,"template":"","meta":[],"product_brand":[],"product_cat":[28],"product_tag":[],"class_list":{"0":"post-394","1":"product","2":"type-product","3":"status-publish","4":"has-post-thumbnail","6":"product_cat-armonizzazione-del-ciclo","8":"first","9":"instock","10":"shipping-taxable","11":"purchasable","12":"product-type-simple"},"jetpack_sharing_enabled":true,"_links":{"self":[{"href":"https:\/\/kiki-creativeroom.com\/shop\/wp-json\/wp\/v2\/product\/394","targetHints":{"allow":["GET"]}}],"collection":[{"href":"https:\/\/kiki-creativeroom.com\/shop\/wp-json\/wp\/v2\/product"}],"about":[{"href":"https:\/\/kiki-creativeroom.com\/shop\/wp-json\/wp\/v2\/types\/product"}],"wp:featuredmedia":[{"embeddable":true,"href":"https:\/\/kiki-creativeroom.com\/shop\/wp-json\/wp\/v2\/media\/344"}],"wp:attachment":[{"href":"https:\/\/kiki-creativeroom.com\/shop\/wp-json\/wp\/v2\/media?parent=394"}],"wp:term":[{"taxonomy":"product_brand","embeddable":true,"href":"https:\/\/kiki-creativeroom.com\/shop\/wp-json\/wp\/v2\/product_brand?post=394"},{"taxonomy":"product_cat","embeddable":true,"href":"https:\/\/kiki-creativeroom.com\/shop\/wp-json\/wp\/v2\/product_cat?post=394"},{"taxonomy":"product_tag","embeddable":true,"href":"https:\/\/kiki-creativeroom.com\/shop\/wp-json\/wp\/v2\/product_tag?post=394"}],"curies":[{"name":"wp","href":"https:\/\/api.w.org\/{rel}","templated":true}]}}